{"id":17242,"date":"2022-10-01T18:07:41","date_gmt":"2022-10-01T18:07:41","guid":{"rendered":"https:\/\/clicdasorte.bet\/?page_id=17242"},"modified":"2022-10-01T18:07:41","modified_gmt":"2022-10-01T18:07:41","slug":"double","status":"publish","type":"page","link":"https:\/\/clicdasorte.bet\/ba_ba\/double\/","title":{"rendered":"Double"},"content":{"rendered":"<p>Aqui um espa\u00e7o aonde voc\u00ea pode colocar as regras do jogo, ou qualquer outra informa\u00e7\u00e3o que achar importante.<\/p>","protected":false},"excerpt":{"rendered":"<p>Aqui um espa\u00e7o aonde voc\u00ea pode colocar as regras do jogo, ou qualquer outra informa\u00e7\u00e3o que achar importante.<\/p>","protected":false},"author":1,"featured_media":0,"parent":0,"menu_order":0,"comment_status":"closed","ping_status":"closed","template":"templates\/pagina-double.php","meta":{"_acf_changed":false,"inline_featured_image":false,"footnotes":""},"class_list":["post-17242","page","type-page","status-publish","hentry"],"acf":[],"_links":{"self":[{"href":"https:\/\/clicdasorte.bet\/ba_ba\/wp-json\/wp\/v2\/pages\/17242","targetHints":{"allow":["GET"]}}],"collection":[{"href":"https:\/\/clicdasorte.bet\/ba_ba\/wp-json\/wp\/v2\/pages"}],"about":[{"href":"https:\/\/clicdasorte.bet\/ba_ba\/wp-json\/wp\/v2\/types\/page"}],"author":[{"embeddable":true,"href":"https:\/\/clicdasorte.bet\/ba_ba\/wp-json\/wp\/v2\/users\/1"}],"replies":[{"embeddable":true,"href":"https:\/\/clicdasorte.bet\/ba_ba\/wp-json\/wp\/v2\/comments?post=17242"}],"version-history":[{"count":1,"href":"https:\/\/clicdasorte.bet\/ba_ba\/wp-json\/wp\/v2\/pages\/17242\/revisions"}],"predecessor-version":[{"id":17243,"href":"https:\/\/clicdasorte.bet\/ba_ba\/wp-json\/wp\/v2\/pages\/17242\/revisions\/17243"}],"wp:attachment":[{"href":"https:\/\/clicdasorte.bet\/ba_ba\/wp-json\/wp\/v2\/media?parent=17242"}],"curies":[{"name":"wp","href":"https:\/\/api.w.org\/{rel}","templated":true}]}}