{"id":206471,"date":"2026-04-16T17:55:45","date_gmt":"2026-04-16T20:55:45","guid":{"rendered":"https:\/\/clicdasorte.bet\/?page_id=206471"},"modified":"2026-04-16T17:55:45","modified_gmt":"2026-04-16T20:55:45","slug":"quem-somos","status":"publish","type":"page","link":"https:\/\/clicdasorte.bet\/ba_ba\/institucional\/quem-somos\/","title":{"rendered":"Quem Somos"},"content":{"rendered":"<p><span style=\"font-weight: 400;\">O Clic da Sorte \u00e9 uma organiza\u00e7\u00e3o dedicada a redefinir o setor de iGaming no Brasil, unindo tecnologia de ponta a uma compreens\u00e3o profunda do mercado nacional. Nossa miss\u00e3o \u00e9 proporcionar uma experi\u00eancia de entretenimento online que seja, acima de tudo, segura, justa e imersiva. Nossa vis\u00e3o \u00e9 consolidar o Clic da Sorte como a plataforma de refer\u00eancia no pa\u00eds, reconhecida pela inova\u00e7\u00e3o, integridade e excel\u00eancia operacional. Contamos com uma equipe multidisciplinar focada em conformidade regulat\u00f3ria e crescimento sustent\u00e1vel. Investimos continuamente em infraestrutura e novas estrat\u00e9gias para garantir que nossa plataforma seja um exemplo de performance e seguran\u00e7a em apostas e jogos online. Seguran\u00e7a e Jogo Respons\u00e1vel s\u00e3o pilares do Clic da Sorte. Implementamos ferramentas de controle de dep\u00f3sitos e exclus\u00e3o de conta para promover o uso consciente da plataforma. Para suporte t\u00e9cnico ou operacional, nossos jogadores contam com um canal de atendimento exclusivo via e-mail, focado em agilidade e seguran\u00e7a.<\/span><\/p>","protected":false},"excerpt":{"rendered":"<p>O Clic da Sorte \u00e9 uma organiza\u00e7\u00e3o dedicada a redefinir o setor de iGaming no Brasil, unindo tecnologia de ponta [&hellip;]<\/p>\n","protected":false},"author":1,"featured_media":0,"parent":206469,"menu_order":0,"comment_status":"closed","ping_status":"closed","template":"","meta":{"_acf_changed":false,"inline_featured_image":false,"footnotes":""},"class_list":["post-206471","page","type-page","status-publish","hentry"],"acf":[],"_links":{"self":[{"href":"https:\/\/clicdasorte.bet\/ba_ba\/wp-json\/wp\/v2\/pages\/206471","targetHints":{"allow":["GET"]}}],"collection":[{"href":"https:\/\/clicdasorte.bet\/ba_ba\/wp-json\/wp\/v2\/pages"}],"about":[{"href":"https:\/\/clicdasorte.bet\/ba_ba\/wp-json\/wp\/v2\/types\/page"}],"author":[{"embeddable":true,"href":"https:\/\/clicdasorte.bet\/ba_ba\/wp-json\/wp\/v2\/users\/1"}],"replies":[{"embeddable":true,"href":"https:\/\/clicdasorte.bet\/ba_ba\/wp-json\/wp\/v2\/comments?post=206471"}],"version-history":[{"count":1,"href":"https:\/\/clicdasorte.bet\/ba_ba\/wp-json\/wp\/v2\/pages\/206471\/revisions"}],"predecessor-version":[{"id":206472,"href":"https:\/\/clicdasorte.bet\/ba_ba\/wp-json\/wp\/v2\/pages\/206471\/revisions\/206472"}],"up":[{"embeddable":true,"href":"https:\/\/clicdasorte.bet\/ba_ba\/wp-json\/wp\/v2\/pages\/206469"}],"wp:attachment":[{"href":"https:\/\/clicdasorte.bet\/ba_ba\/wp-json\/wp\/v2\/media?parent=206471"}],"curies":[{"name":"wp","href":"https:\/\/api.w.org\/{rel}","templated":true}]}}