{"id":206475,"date":"2026-04-16T17:57:09","date_gmt":"2026-04-16T20:57:09","guid":{"rendered":"https:\/\/clicdasorte.bet\/?page_id=206475"},"modified":"2026-04-16T17:57:09","modified_gmt":"2026-04-16T20:57:09","slug":"jogo-responsavel","status":"publish","type":"page","link":"https:\/\/clicdasorte.bet\/es\/institucional\/jogo-responsavel\/","title":{"rendered":"Jogo Respons\u00e1vel"},"content":{"rendered":"<p><span style=\"font-weight: 400;\">No Clic da Sorte, o jogo \u00e9 sin\u00f4nimo de divers\u00e3o e entretenimento. Trabalhamos para proporcionar um ambiente seguro, com recursos que incentivam nossos usu\u00e1rios a jogar de maneira consciente e respons\u00e1vel.<\/span><\/p>\n<p><b>Princ\u00edpios para um Jogo Saud\u00e1vel<\/b><\/p>\n<p><span style=\"font-weight: 400;\">Para manter o controle sobre suas apostas, recomendamos seguir estas diretrizes:<\/span><\/p>\n<ul>\n<li style=\"font-weight: 400;\" aria-level=\"1\"><b>Aposte por Divers\u00e3o: <\/b><span style=\"font-weight: 400;\">Encare o jogo como entretenimento, n\u00e3o como uma fonte de renda ou forma de pagar d\u00edvidas.<\/span><\/li>\n<li style=\"font-weight: 400;\" aria-level=\"1\"><b>Estabele\u00e7a Limites: <\/b><span style=\"font-weight: 400;\">Antes de come\u00e7ar, defina quanto dinheiro e tempo voc\u00ea pode dedicar ao jogo e n\u00e3o ultrapasse esses limites.<\/span><\/li>\n<li style=\"font-weight: 400;\" aria-level=\"1\"><b>N\u00e3o Tente Recuperar Perdas: <\/b><span style=\"font-weight: 400;\">Se voc\u00ea perder, n\u00e3o tente recuperar o valor imediatamente aumentando suas apostas.<\/span><\/li>\n<li style=\"font-weight: 400;\" aria-level=\"1\"><b>Jogue com Consci\u00eancia: <\/b><span style=\"font-weight: 400;\">Evite apostar se estiver sob influ\u00eancia de \u00e1lcool ou passando por momentos de estresse emocional.<\/span><\/li>\n<\/ul>\n<p><b>Nossas Ferramentas de Controle<\/b><\/p>\n<p><span style=\"font-weight: 400;\">Disponibilizamos recursos para que voc\u00ea gerencie sua conta de forma ativa:<\/span><\/p>\n<ol>\n<li><b>Limites de Dep\u00f3sito: <\/b><span style=\"font-weight: 400;\">Configure valores m\u00e1ximos di\u00e1rios, semanais ou mensais.<\/span><\/li>\n<li><b>Pausa Tempor\u00e1ria: <\/b><span style=\"font-weight: 400;\">Afaste-se da plataforma por um per\u00edodo determinado (24h, 1 semana ou 30 dias).<\/span><\/li>\n<li><b>Autoexclus\u00e3o: <\/b><span style=\"font-weight: 400;\">Caso sinta que o jogo n\u00e3o \u00e9 mais uma divers\u00e3o, voc\u00ea pode solicitar o encerramento permanente da sua conta.<\/span><\/li>\n<\/ol>\n<p><b>Proibi\u00e7\u00e3o para Menores: <\/b><span style=\"font-weight: 400;\">O uso da nossa plataforma \u00e9 estritamente proibido para menores de 18 anos. Realizamos verifica\u00e7\u00f5es rigorosas de identidade para garantir o cumprimento desta norma.<\/span><\/p>","protected":false},"excerpt":{"rendered":"<p>No Clic da Sorte, o jogo \u00e9 sin\u00f4nimo de divers\u00e3o e entretenimento. Trabalhamos para proporcionar um ambiente seguro, com recursos [&hellip;]<\/p>\n","protected":false},"author":1,"featured_media":0,"parent":206469,"menu_order":0,"comment_status":"closed","ping_status":"closed","template":"","meta":{"_acf_changed":false,"inline_featured_image":false,"footnotes":""},"class_list":["post-206475","page","type-page","status-publish","hentry"],"acf":[],"_links":{"self":[{"href":"https:\/\/clicdasorte.bet\/es\/wp-json\/wp\/v2\/pages\/206475","targetHints":{"allow":["GET"]}}],"collection":[{"href":"https:\/\/clicdasorte.bet\/es\/wp-json\/wp\/v2\/pages"}],"about":[{"href":"https:\/\/clicdasorte.bet\/es\/wp-json\/wp\/v2\/types\/page"}],"author":[{"embeddable":true,"href":"https:\/\/clicdasorte.bet\/es\/wp-json\/wp\/v2\/users\/1"}],"replies":[{"embeddable":true,"href":"https:\/\/clicdasorte.bet\/es\/wp-json\/wp\/v2\/comments?post=206475"}],"version-history":[{"count":1,"href":"https:\/\/clicdasorte.bet\/es\/wp-json\/wp\/v2\/pages\/206475\/revisions"}],"predecessor-version":[{"id":206476,"href":"https:\/\/clicdasorte.bet\/es\/wp-json\/wp\/v2\/pages\/206475\/revisions\/206476"}],"up":[{"embeddable":true,"href":"https:\/\/clicdasorte.bet\/es\/wp-json\/wp\/v2\/pages\/206469"}],"wp:attachment":[{"href":"https:\/\/clicdasorte.bet\/es\/wp-json\/wp\/v2\/media?parent=206475"}],"curies":[{"name":"wp","href":"https:\/\/api.w.org\/{rel}","templated":true}]}}