{"id":206479,"date":"2026-04-16T17:58:13","date_gmt":"2026-04-16T20:58:13","guid":{"rendered":"https:\/\/clicdasorte.bet\/?page_id=206479"},"modified":"2026-04-16T17:58:13","modified_gmt":"2026-04-16T20:58:13","slug":"fale-conosco","status":"publish","type":"page","link":"https:\/\/clicdasorte.bet\/es\/institucional\/fale-conosco\/","title":{"rendered":"Fale Conosco"},"content":{"rendered":"<p><span style=\"font-weight: 400;\">Seja bem-vindo ao suporte do <\/span><b>Clic da Sorte<\/b><span style=\"font-weight: 400;\">. Nosso compromisso \u00e9 garantir que sua experi\u00eancia em nossa plataforma seja fluida e segura. Nossa equipe de atendimento est\u00e1 dispon\u00edvel para analisar suas solicita\u00e7\u00f5es e d\u00favidas atrav\u00e9s do nosso canal oficial.<\/span><\/p>\n<p><b>Atendimento Geral <\/b><span style=\"font-weight: 400;\">Para d\u00favidas sobre sua conta, dep\u00f3sitos, saques ou regras de jogos, entre em contato conosco:<\/span><\/p>\n<ul>\n<li style=\"font-weight: 400;\" aria-level=\"1\"><b>E-mail: <\/b><span style=\"font-weight: 400;\">suporte@clicdasorte.bet<\/span><\/li>\n<li style=\"font-weight: 400;\" aria-level=\"1\"><b>Disponibilidade: <\/b><span style=\"font-weight: 400;\">Recebemos suas solicita\u00e7\u00f5es 24h por dia.<\/span><\/li>\n<\/ul>\n<p><b>Ouvidoria <\/b><span style=\"font-weight: 400;\">Caso voc\u00ea j\u00e1 tenha entrado em contato com nosso suporte e n\u00e3o tenha obtido uma solu\u00e7\u00e3o satisfat\u00f3ria em at\u00e9 10 dias \u00fateis, nossa Ouvidoria est\u00e1 \u00e0 disposi\u00e7\u00e3o. \u00c9 obrigat\u00f3rio informar o n\u00famero do protocolo do atendimento anterior.<\/span><\/p>\n<ul>\n<li style=\"font-weight: 400;\" aria-level=\"1\"><b>E-mail: <\/b><span style=\"font-weight: 400;\">ouvidoria@clicdasorte.bet<\/span><\/li>\n<li style=\"font-weight: 400;\" aria-level=\"1\"><b>Hor\u00e1rio de Funcionamento: <\/b><span style=\"font-weight: 400;\">Segunda a Sexta, das 09:00 \u00e0s 17:00.<\/span><\/li>\n<\/ul>","protected":false},"excerpt":{"rendered":"<p>Seja bem-vindo ao suporte do Clic da Sorte. Nosso compromisso \u00e9 garantir que sua experi\u00eancia em nossa plataforma seja fluida [&hellip;]<\/p>\n","protected":false},"author":1,"featured_media":0,"parent":206469,"menu_order":0,"comment_status":"closed","ping_status":"closed","template":"","meta":{"_acf_changed":false,"inline_featured_image":false,"footnotes":""},"class_list":["post-206479","page","type-page","status-publish","hentry"],"acf":[],"_links":{"self":[{"href":"https:\/\/clicdasorte.bet\/es\/wp-json\/wp\/v2\/pages\/206479","targetHints":{"allow":["GET"]}}],"collection":[{"href":"https:\/\/clicdasorte.bet\/es\/wp-json\/wp\/v2\/pages"}],"about":[{"href":"https:\/\/clicdasorte.bet\/es\/wp-json\/wp\/v2\/types\/page"}],"author":[{"embeddable":true,"href":"https:\/\/clicdasorte.bet\/es\/wp-json\/wp\/v2\/users\/1"}],"replies":[{"embeddable":true,"href":"https:\/\/clicdasorte.bet\/es\/wp-json\/wp\/v2\/comments?post=206479"}],"version-history":[{"count":1,"href":"https:\/\/clicdasorte.bet\/es\/wp-json\/wp\/v2\/pages\/206479\/revisions"}],"predecessor-version":[{"id":206480,"href":"https:\/\/clicdasorte.bet\/es\/wp-json\/wp\/v2\/pages\/206479\/revisions\/206480"}],"up":[{"embeddable":true,"href":"https:\/\/clicdasorte.bet\/es\/wp-json\/wp\/v2\/pages\/206469"}],"wp:attachment":[{"href":"https:\/\/clicdasorte.bet\/es\/wp-json\/wp\/v2\/media?parent=206479"}],"curies":[{"name":"wp","href":"https:\/\/api.w.org\/{rel}","templated":true}]}}