{"id":206477,"date":"2026-04-16T17:57:41","date_gmt":"2026-04-16T20:57:41","guid":{"rendered":"https:\/\/clicdasorte.bet\/?page_id=206477"},"modified":"2026-04-16T17:57:41","modified_gmt":"2026-04-16T20:57:41","slug":"perguntas-frequentes","status":"publish","type":"page","link":"https:\/\/clicdasorte.bet\/it\/institucional\/perguntas-frequentes\/","title":{"rendered":"Perguntas Frequentes"},"content":{"rendered":"<ol>\n<li style=\"font-weight: 400;\" aria-level=\"1\"><span style=\"font-weight: 400;\">Qual \u00e9 o limite di\u00e1rio para saques?<\/span><\/li>\n<\/ol>\n<p><span style=\"font-weight: 400;\">Voc\u00ea pode retirar parte ou a totalidade do saldo da sua Conta, dentro dos limites de transa\u00e7\u00e3o fornecidos no site <\/span><b>clicdasorte.bet<\/b><\/p>\n<ol start=\"2\">\n<li><span style=\"font-weight: 400;\"> Quem est\u00e1 qualificado para jogar?<\/span><\/li>\n<\/ol>\n<p><span style=\"font-weight: 400;\">Qualquer pessoa com mais de +18 anos pode jogar conosco!<\/span><\/p>\n<ol start=\"3\">\n<li><span style=\"font-weight: 400;\"> Como criar uma conta?<\/span><\/li>\n<\/ol>\n<p><b>Passo 1<\/b><span style=\"font-weight: 400;\">: Tudo que voc\u00ea precisa fazer \u00e9 clicar no bot\u00e3o &#8220;Login&#8221; localizado no canto superior direito da p\u00e1gina inicial.<\/span><\/p>\n<p><b>Passo 2<\/b><span style=\"font-weight: 400;\">: Na tela de login, clique em \u201cCrie uma conta gr\u00e1tis\u201d.<\/span><\/p>\n<p><b>Passo3<\/b><span style=\"font-weight: 400;\">: Preencha os dados (nome, e-mail v\u00e1lido, celular e definir senha).<\/span><\/p>\n<p><b>Passo 4<\/b><span style=\"font-weight: 400;\">: Clique no bot\u00e3o \u201cCriar conta\u201d.<\/span><\/p>\n<p>&nbsp;<\/p>\n<p><b>Quero alterar meus dados pessoais<\/b><\/p>\n<p><b>Passo 1:<\/b><span style=\"font-weight: 400;\"> Fa\u00e7a o login na sua conta normalmente.<\/span><\/p>\n<p><b>Passo 2:<\/b><span style=\"font-weight: 400;\"> Na lateral esquerda, selecione a op\u00e7\u00e3o \u201cConta\u201d.<\/span><\/p>\n<p><b>Passo 3:<\/b><span style=\"font-weight: 400;\"> Agora basta selecionar qual op\u00e7\u00e3o deseja alterar (senha, informa\u00e7\u00f5es gerais).<\/span><\/p>","protected":false},"excerpt":{"rendered":"<p>Qual \u00e9 o limite di\u00e1rio para saques? Voc\u00ea pode retirar parte ou a totalidade do saldo da sua Conta, dentro [&hellip;]<\/p>\n","protected":false},"author":1,"featured_media":0,"parent":206469,"menu_order":0,"comment_status":"closed","ping_status":"closed","template":"","meta":{"_acf_changed":false,"inline_featured_image":false,"footnotes":""},"class_list":["post-206477","page","type-page","status-publish","hentry"],"acf":[],"_links":{"self":[{"href":"https:\/\/clicdasorte.bet\/it\/wp-json\/wp\/v2\/pages\/206477","targetHints":{"allow":["GET"]}}],"collection":[{"href":"https:\/\/clicdasorte.bet\/it\/wp-json\/wp\/v2\/pages"}],"about":[{"href":"https:\/\/clicdasorte.bet\/it\/wp-json\/wp\/v2\/types\/page"}],"author":[{"embeddable":true,"href":"https:\/\/clicdasorte.bet\/it\/wp-json\/wp\/v2\/users\/1"}],"replies":[{"embeddable":true,"href":"https:\/\/clicdasorte.bet\/it\/wp-json\/wp\/v2\/comments?post=206477"}],"version-history":[{"count":1,"href":"https:\/\/clicdasorte.bet\/it\/wp-json\/wp\/v2\/pages\/206477\/revisions"}],"predecessor-version":[{"id":206478,"href":"https:\/\/clicdasorte.bet\/it\/wp-json\/wp\/v2\/pages\/206477\/revisions\/206478"}],"up":[{"embeddable":true,"href":"https:\/\/clicdasorte.bet\/it\/wp-json\/wp\/v2\/pages\/206469"}],"wp:attachment":[{"href":"https:\/\/clicdasorte.bet\/it\/wp-json\/wp\/v2\/media?parent=206477"}],"curies":[{"name":"wp","href":"https:\/\/api.w.org\/{rel}","templated":true}]}}